{"id":8935,"date":"2023-09-18T14:49:47","date_gmt":"2023-09-18T12:49:47","guid":{"rendered":"https:\/\/www.pakamera.pl\/magazyn\/?page_id=8935"},"modified":"2023-11-28T15:01:02","modified_gmt":"2023-11-28T14:01:02","slug":"polityka-prywatnosci","status":"publish","type":"page","link":"https:\/\/www.pakamera.pl\/magazyn\/polityka-prywatnosci\/","title":{"rendered":"Polityka prywatno\u015bci"},"content":{"rendered":"<h2>Definicje:<\/h2>\n<p>SERWIS \u2013 portal internetowy funkcjonuj\u0105cy pod adresem internetowym www.pakamera.pl\/magazyn\/, prowadzony przez Administratora.<\/p>\n<p>ADMINISTRATOR \u2013 firma CONCEPTIA Mateusz Wojczakowski zarejestrowana w Polsce, Warszawa ul. Czo\u0142owa 38V, NIP: 5242489148, REGON: 141043260, wpisana do ewidencji dzia\u0142alno\u015bci gospodarczej dla dzielnicy Warszawa \u2013 Bia\u0142o\u0142\u0119ka pod numerem 451583 lub jej nast\u0119pca prawny.\u00a0 Administrator \u015bwiadczy us\u0142ug\u0119 udost\u0119pnienia zasob\u00f3w Serwisu na rzecz U\u017cytkownik\u00f3w.<\/p>\n<p>U\u017bYTKOWNIK \u2013 osoba fizyczna lub prawna, a tak\u017ce jednostka organizacyjna nie posiadaj\u0105ca osobowo\u015bci prawnej, kt\u00f3rej przepisy prawa przyznaj\u0105 zdolno\u015b\u0107 prawn\u0105.<\/p>\n<p>&nbsp;<\/p>\n<p>1. Postanowienia og\u00f3lne:<\/p>\n<p>1.1. Firma CONCEPTIA Mateusz Wojczakowski pe\u0142ni rol\u0119 administratora w my\u015bl rozporz\u0105dzenia Parlamentu Europejskiego i Rady (UE) 2016\/679 z dnia 27.04.2016 r. (dalej nazywane \u201eRODO\u201d) w sprawie ochrony os\u00f3b fizycznych w zwi\u0105zku z przetwarzaniem danych osobowych i w sprawie swobodnego przep\u0142ywu takich danych oraz uchylenia dyrektywy 95\/46\/WE, w odniesieniu do danych osobowych U\u017cytkownik\u00f3w, b\u0119d\u0105cych osobami fizycznymi.<\/p>\n<p>2. Przetwarzanie danych oraz jego zakres:<\/p>\n<p>Przez przetwarzanie danych rozumie si\u0119 czynno\u015bci i operacje wykonywane na danych U\u017cytkownik\u00f3w, w tym przechowywanie, czy analizowanie na potrzeby us\u0142ug Serwisu.<\/p>\n<p>Zamieszczenie komentarza \u2013 mo\u017ce wymaga\u0107 podania przez U\u017cytkownika nast\u0119puj\u0105cych danych: e-mail, numer IP urz\u0105dzenia.<\/p>\n<p>3. Cel przetwarzania danych:<\/p>\n<p>Dane osobowe U\u017cytkownik\u00f3w przetwarzane s\u0105 przez Administratora w celu umo\u017cliwienia korzystania U\u017cytkownikom z Serwisu, w tym w szczeg\u00f3lno\u015bci wykonywania wymienionych czynno\u015bci:<\/p>\n<ul>\n<li>zamieszczanie komentarzy<\/li>\n<li>zapewnianie obs\u0142ugi Konta i transakcji U\u017cytkownika, w tym rozwi\u0105zywanie problem\u00f3w technicznych,<\/li>\n<li>dostosowywanie wy\u015bwietlanych tre\u015bci we w\u0142a\u015bciwo\u015bciach Serwisu lub w\u0142a\u015bciwo\u015bciach us\u0142ug podmiot\u00f3w zewn\u0119trznych na podstawie aktywno\u015bci Uzytkownik\u00f3w,<\/li>\n<li>monitorowanie aktywno\u015bci wszystkich i konkretnych U\u017cytkownik\u00f3w obejmuj\u0105ce m.in. wyszukiwane s\u0142owa kluczowe oraz zarz\u0105dzanie ruchem w Serwisie,<\/li>\n<li>kontaktowanie si\u0119 z U\u017cytkownikami, w tym w celach zwi\u0105zanych ze \u015bwiadczeniem us\u0142ug, obs\u0142ug\u0105 U\u017cytkownika, dozwolonymi dzia\u0142aniami marketingowymi, poprzez dost\u0119pne kana\u0142y komunikacji, w szczeg\u00f3lno\u015bci e-mail oraz telefon,<\/li>\n<li>przeprowadzanie bada\u0144 i analiz Serwisu mi\u0119dzy innymi pod k\u0105tem funkcjonowania platformy, poprawy dzia\u0142ania dost\u0119pnych us\u0142ug czy oszacowania g\u0142\u00f3wnych zainteresowa\u0144 i potrzeb odwiedzaj\u0105cych,<\/li>\n<li>zapewnienie bezpiecze\u0144stwa \u015bwiadczonych us\u0142ug drog\u0105 elektroniczn\u0105, w tym egzekwowanie przestrzegania Regulaminu oraz przeciwdzia\u0142anie oszustwom i nadu\u017cyciom,<\/li>\n<li>dopasowanie reklam zgodnie z uprzednio przegl\u0105danymi tre\u015bciami,<\/li>\n<li>prowadzenie marketingu bezpo\u015bredniego w\u0142asnych us\u0142ug Administratora lub us\u0142ug b\u0105d\u017a towar\u00f3w os\u00f3b trzecich,<\/li>\n<li>wykonanie obowi\u0105zk\u00f3w wynikaj\u0105cych z przepis\u00f3w prawa, w tym przepis\u00f3w podatkowych lub rachunkowych,<\/li>\n<li>prowadzenie post\u0119powa\u0144 s\u0105dowych, arbitra\u017cowych i mediacyjnych,<\/li>\n<li>statystycznych,<\/li>\n<li>ksi\u0119gowych,<\/li>\n<li>archiwizacyjnych<\/li>\n<li><\/li>\n<\/ul>\n<p>4. Udost\u0119pnianie danych<\/p>\n<p>4.1. Administrator, po uzyskaniu uprzedniej zgody U\u017cytkownika, mo\u017ce udost\u0119pnia\u0107 dane osobowe U\u017cytkownik\u00f3w innym serwisom internetowym prowadzonym przez Administratora.<br \/>\n4.2. W przypadku restrukturyzacji, sprzeda\u017cy\/przeniesienia maj\u0105tku cz\u0119\u015bciowo lub w ca\u0142o\u015bci na nowego w\u0142a\u015bciciela dane osobowe U\u017cytkownik\u00f3w mog\u0105 zosta\u0107 przeniesione na nowego w\u0142a\u015bciciela w celu zapewnienia kontynuacji \u015bwiadczenia us\u0142ug Serwisu.<br \/>\n4.3. Administartor nie przekazauje danych osobowych podmiotom trzecim, za wyj\u0105tkiem :<br \/>\n\u2013 potrzeby udost\u0119pnienia informacji nt U\u017cytkownika organom publicznym, w walce z oszustwami i nadu\u017cyciami, post\u0119powaniami zwi\u0105zanymi z naruszeniem prawa.<br \/>\n\u2013 podmiot\u00f3w wsp\u00f3\u0142pracuj\u0105cych takich jak np: dostawcy us\u0142ug analitycznych, przechowywania danych, retargetingu, sieci afiliacyjnych. W takim przypadku podmioty te nie s\u0105 upowa\u017cnione do wykorzystywania danych w swoim imieniu a wy\u0142acznie na potrzeby Administratora i Serwisu<br \/>\n4.4. Administartor mo\u017ce udostepnia\u0107 podmiotom trzecim dane w formie zanonimizowanej, kt\u00f3re nie identyfikuj\u0105 konkretnych U\u017cytkownik\u00f3w, a s\u0142u\u017c\u0105 poprawie wy\u015bwietlanej tre\u015bci w Serwisie, dopasowaniu reklam oraz dotarciu do U\u017cytkownik\u00f3w poza Serwisem.<br \/>\n4.5 Sprzedaj\u0105cy, po uzyskaniu od Administratora danych Kupuj\u0105cego, jest zobowi\u0105zany spe\u0142ni\u0107 wobec Kupuj\u0105cego wszelkie obowi\u0105zki wynikaj\u0105ce z tego rozporz\u0105dzenia i innych przepis\u00f3w prawa, w tym zapewni\u0107 im realizacj\u0119 przys\u0142uguj\u0105cych im uprawnie\u0144 Rozporz\u0105dzenia.<\/p>\n<p>5. Uprawnienia U\u017cytkownik\u00f3w<\/p>\n<p>5.1. Ka\u017cdy U\u017cytkownik ma prawo do :<br \/>\n\u2013 dost\u0119pu do swoich danych osobowych \u2013 U\u017cytkownik mo\u017ce wyst\u0105pi\u0107 do Administartora o przekazanie katalogu przetwarzanych danych osobowych na sw\u00f3j temat,<br \/>\n\u2013 sprzeciwu odno\u015bnie profilowania danych \u2013 U\u017cytkownik mo\u017ce wyst\u0105pi\u0107 do Administratora o wy\u0142\u0105czenie profilowania (personalizaji) ofery Serwisu oraz zwi\u0105zanych z tym dzia\u0142a\u0144 marketingowych,<br \/>\n\u2013 sprostowania, usuni\u0119cia lub ograniczenia przetwarzania, przenoszenia danych, wniesienia skargi do organu nadzorczego oraz prawo do cofni\u0119cia zgody w dowolnym momencie bez wp\u0142ywu na zgodno\u015b\u0107 z prawem przetwarzania, kt\u00f3rego dokonano na podstawie zgody przed jej cofni\u0119ciem<\/p>\n<p>W przypadku skorzystania z prawa do dost\u0119pu do swoich danych osobowych, ich sprostowania, usuni\u0119cia, ograniczenia przetwarzania, wniesienia sprzeciwu wobec ich przetwarzania, \u017c\u0105dania przeniesienia danych lub niepodlegania pod decyzj\u0119 opieraj\u0105c\u0105 si\u0119 wy\u0142\u0105cznie na zautomatyzowanym przetwarzaniu danych \u2013 bez zb\u0119dnej zw\u0142oki, nie p\u00f3\u017aniej ni\u017c w terminie miesi\u0105ca od otrzymania \u017c\u0105dania, zostanie udzielona informacja o dzia\u0142aniach podj\u0119tych w zwi\u0105zku z \u017c\u0105daniem U\u017cytkownika. Realizacja \u017c\u0105dania przeniesienia danych jest wolna od op\u0142at jednak zgodnie z postanowieniami RODO Administrator mo\u017ce pobra\u0107 op\u0142at\u0119 w rozs\u0105dnej wysoko\u015bci za dostarczenie osobie, kt\u00f3rej dane dotycz\u0105 lub odm\u00f3wi\u0107 realizacji uprawnienia w przypadku:<br \/>\n\u2013 \u017c\u0105dania kolejnej kopii danych osobowych podlegaj\u0105cych przetwarzaniu,<br \/>\n\u2013 \u017c\u0105dania ewidentnie nieuzasadnionego,<br \/>\n\u2013 \u017c\u0105dania nadmiernego, w szczeg\u00f3lno\u015bci ze wzgl\u0119du na sw\u00f3j ustawiczny charakter.<\/p>\n<p>Wysoko\u015b\u0107 naliczonej op\u0142aty, o kt\u00f3rej mowa powy\u017cej b\u0119dzie ustalana indywidualnie, b\u0119dzie rozs\u0105dna oraz jej wysoko\u015b\u0107 b\u0119dzie uwzgl\u0119dnia\u0107 administracyjne koszty udzielenia informacji, prowadzenia komunikacji lub podj\u0119cia \u017c\u0105danych dzia\u0142a\u0144 jakie musia\u0142 ponie\u015b\u0107 Administrator.<\/p>\n<p>5.2. Podanie danych przez U\u017cytkownika jest wymogiem umownym. W przypadku nie podania wymaganych danych osobowych przez U\u017cytkownika, wybrane funkcjonalno\u015bci Serwisu mog\u0105 by\u0107 niedostepne dla U\u017cytkownika (np: mo\u017cliwo\u015b\u0107 zamieszczania komentarzy).<br \/>\n5.3. U\u017cytkownik mo\u017ce skontaktowa\u0107 si\u0119 z osob\u0105 nadzoruj\u0105c\u0105 przetwarzanie danych osobowych przez Administratora drog\u0105 elektroniczn\u0105 pod adresem e-mail: kontakt@pakamera.pl<\/p>\n<p>6. Bezpiecze\u0144stwo danych:<\/p>\n<p>Administrator danych,dba o bezpiecze\u0144stwo udost\u0119pnionych danych. Dane te s\u0105 szczeg\u00f3lnie chronione i zabezpieczone przed dost\u0119pem os\u00f3b nieupowa\u017cnionych. Komunikacja odbywaj\u0105ca si\u0119 pomi\u0119dzy Serwisem i U\u017cytkownikami jest zabezpieczona protoko\u0142em szyfruj\u0105cym SSL na stronach zawieraj\u0105cych dane osobowe.<\/p>\n<p>7. Inne<\/p>\n<p>7.1 Administrator zobowi\u0105zuje si\u0119 przechowywa\u0107 powierzone dane osobowe U\u017cytkownik\u00f3w do czasu odwo\u0142ania przez nich zgody lub zg\u0142oszenia sprzeciwu. Po odwo\u0142aniu zgody, przez okres czasu odpowiadaj\u0105cy okresowi przedawnienia roszcze\u0144, jakie mo\u017ce podnosi\u0107 administrator danych i jakie mog\u0105 by\u0107 podnoszone wobec administratora danych.<\/p>\n<h3>Ciasteczka<\/h3>\n<p>Serwis wykorzystuje pliki typu cookies (tzw. \u201eciasteczka\u201d) stanowi\u0105ce dane informatyczne, w szczeg\u00f3lno\u015bci pliki tekstowe, kt\u00f3re przechowywane s\u0105 w urz\u0105dzeniu ko\u0144cowym u\u017cytkownika Serwisu. Cookies zazwyczaj zawieraj\u0105 nazw\u0119 domeny serwisu internetowego, z kt\u00f3rego pochodz\u0105, czas przechowywania ich na urz\u0105dzeniu ko\u0144cowym oraz unikalny numer do zapami\u0119tania informacji o U\u017cytkownikach.<\/p>\n<p>Pliki cookies u\u017cywane s\u0105 w celu:<\/p>\n<p>\u2013 uwierzytelniania, w tym identyfikacji zalogowanego u\u017cytkownika,<br \/>\n\u2013 weryfikacji i rozwoju swojej oferty serwis\u00f3w i us\u0142ug,<br \/>\n\u2013 udost\u0119pniania spersonalizowanych \u015bwiadcze\u0144 na rzecz U\u017cytkownik\u00f3w, w szczeg\u00f3lno\u015bci w celu unikni\u0119cia wielokrotnej prezentacji tej samej tre\u015bci temu samemu U\u017cytkownikowi,<br \/>\n\u2013 tworzenia statystyk dla potrzeb Administratora, w tym w ramach wsp\u00f3\u0142pracy z zewn\u0119trznymi podmiotami<br \/>\n\u2013 stosowania reklam displayowych w oparciu o Google Analytics w zakresie us\u0142ugi remarketingu. U\u017cytkownik mo\u017ce zablokowa\u0107 us\u0142ug\u0119 Analytics dla reklam displayowych oraz dostosowywa\u0107 reklamy w sieci reklamowej Google w za po\u015brednictwem Mened\u017cera preferencji reklam na stronach Google.<\/p>\n<p>U\u017cytkownik korzystaj\u0105cy z Serwisu wyra\u017ca zgod\u0119 na umieszczenie plik\u00f3w cookies na jego urz\u0105dzeniu ko\u0144cowym.<\/p>\n<p>Usuni\u0119cie plik\u00f3w cookies przez U\u017cytkownika mo\u017ce powodowa\u0107 prezentowanie odmiennej tre\u015bci Serwisu U\u017cytkownikowi, jak r\u00f3wnie\u017c doprowadzi\u0107 do utraty mo\u017cliwo\u015bci korzystania z niekt\u00f3rych funkcji Serwisu.<\/p>\n<p>W celu zarz\u0105dzania ustawienia cookies wybierz z listy przegl\u0105dark\u0119 internetow\u0105, kt\u00f3rej u\u017cywasz i post\u0119puj zgodnie z instrukcjami: Internet Explorer, Chrome, Safari, Firefox, Opera. Urz\u0105dzenia mobilne \u2013 ka\u017cdy urz\u0105dzenie mo\u017ce t\u0105 funkcj\u0119 obs\u0142ugiwa\u0107 w inny spos\u00f3b. Zach\u0119camy do zapoznania si\u0119 z opcjami prywatno\u015bci w dokumentacji na stronie internetowej producenta urz\u0105dzenia mobilnego.<\/p>\n<p>Je\u015bli zostawisz na naszej witrynie komentarz, b\u0119dziesz m\u00f3g\u0142 wybra\u0107 opcj\u0119 zapisu twojej nazwy, adresu email i adresu strony internetowej w ciasteczkach, dzi\u0119ki kt\u00f3rym podczas pisania kolejnych komentarzy powy\u017csze informacje b\u0119d\u0105 ju\u017c dogodnie uzupe\u0142nione. Te ciasteczka wygasaj\u0105 po roku.<\/p>\n<p>Je\u015bli masz konto i zalogujesz si\u0119 na tej witrynie, utworzymy tymczasowe ciasteczko na potrzeby sprawdzenia czy twoja przegl\u0105darka akceptuje ciasteczka. To ciasteczko nie zawiera \u017cadnych danych osobistych i zostanie wyrzucone kiedy zamkniesz przegl\u0105dark\u0119.<\/p>\n<p>Podczas logowania tworzymy dodatkowo kilka ciasteczek potrzebnych do zapisu twoich informacji logowania oraz wybranych opcji ekranu. Ciasteczka logowania wygasaj\u0105 po dw\u00f3ch dniach, a opcji ekranu po roku. Je\u015bli zaznaczysz opcj\u0119 \u201ePami\u0119taj mnie\u201d, logowanie wyga\u015bnie po dw\u00f3ch tygodniach. Je\u015bli wylogujesz si\u0119 ze swojego konta, ciasteczka logowania zostan\u0105 usuni\u0119te.<\/p>\n<p>Je\u015bli zmodyfikujesz albo opublikujesz artyku\u0142, w twojej przegl\u0105darce zostanie zapisane dodatkowe ciasteczko. To ciasteczko nie zawiera \u017cadnych danych osobistych, wskazuj\u0105c po prostu na identyfikator przed chwil\u0105 edytowanego artyku\u0142u. Wygasa ono po 1 dniu.<\/p>\n<h3>Osadzone tre\u015bci z innych witryn<\/h3>\n<p>Artyku\u0142y na tej witrynie mog\u0105 zawiera\u0107 osadzone tre\u015bci (np. filmy, obrazki, artyku\u0142y itp.). Osadzone tre\u015bci z innych witryn zachowuj\u0105 si\u0119 analogicznie do tego, jakby u\u017cytkownik odwiedzi\u0142 bezpo\u015brednio konkretn\u0105 witryn\u0119.<\/p>\n<p>Te witryny mog\u0105 zbiera\u0107 informacj\u0119 o tobie, u\u017cywa\u0107 ciasteczek, do\u0142\u0105cza\u0107 dodatkowe, zewn\u0119trzne systemy \u015bledzenia i monitorowa\u0107 twoje interakcje z osadzonym materia\u0142em, w\u0142\u0105czaj\u0105c w to \u015bledzenie twoich interakcji z osadzonym materia\u0142em je\u015bli posiadasz konto i jeste\u015b zalogowany w tamtej witrynie.<\/p>\n","protected":false},"excerpt":{"rendered":"<p>Definicje: SERWIS \u2013 portal internetowy funkcjonuj\u0105cy pod adresem internetowym www.pakamera.pl\/magazyn\/, prowadzony przez Administratora. ADMINISTRATOR \u2013 firma CONCEPTIA Mateusz Wojczakowski zarejestrowana w Polsce, Warszawa ul. Czo\u0142owa 38V, NIP: 5242489148, REGON: 141043260,<span class=\"more-dots\">&#8230;<\/span><\/p>\n","protected":false},"author":1,"featured_media":0,"parent":0,"menu_order":0,"comment_status":"closed","ping_status":"closed","template":"","meta":{"footnotes":""},"class_list":["post-8935","page","type-page","status-publish","hentry","no-post-thumbnail"],"yoast_head":"<!-- This site is optimized with the Yoast SEO plugin v21.6 - https:\/\/yoast.com\/wordpress\/plugins\/seo\/ -->\n<title>Polityka prywatno\u015bci - Magazyn Pakamera.pl<\/title>\n<meta name=\"description\" content=\"Magazyn Pakamera.pl to najwi\u0119kszy przewodnik po polskiej modzie niezale\u017cnej.\" \/>\n<meta name=\"robots\" content=\"index, follow\" \/>\n<link rel=\"canonical\" href=\"https:\/\/www.pakamera.pl\/magazyn\/polityka-prywatnosci\/\" \/>\n<meta property=\"og:locale\" content=\"pl_PL\" \/>\n<meta property=\"og:type\" content=\"article\" \/>\n<meta property=\"og:title\" content=\"Polityka prywatno\u015bci - Magazyn Pakamera.pl\" \/>\n<meta property=\"og:description\" content=\"Magazyn Pakamera.pl to najwi\u0119kszy przewodnik po polskiej modzie niezale\u017cnej.\" \/>\n<meta property=\"og:url\" content=\"https:\/\/www.pakamera.pl\/magazyn\/polityka-prywatnosci\/\" \/>\n<meta property=\"og:site_name\" content=\"Magazyn Pakamera.pl\" \/>\n<meta property=\"article:publisher\" content=\"https:\/\/facebook.com\/pakamerapl\" \/>\n<meta property=\"article:modified_time\" content=\"2023-11-28T14:01:02+00:00\" \/>\n<meta name=\"twitter:card\" content=\"summary_large_image\" \/>\n<meta name=\"twitter:label1\" content=\"Szacowany czas czytania\" \/>\n\t<meta name=\"twitter:data1\" content=\"8 minut\" \/>\n<script type=\"application\/ld+json\" class=\"yoast-schema-graph\">{\"@context\":\"https:\/\/schema.org\",\"@graph\":[{\"@type\":\"WebPage\",\"@id\":\"https:\/\/www.pakamera.pl\/magazyn\/polityka-prywatnosci\/\",\"url\":\"https:\/\/www.pakamera.pl\/magazyn\/polityka-prywatnosci\/\",\"name\":\"Polityka prywatno\u015bci - Magazyn Pakamera.pl\",\"isPartOf\":{\"@id\":\"https:\/\/www.pakamera.pl\/magazyn\/#website\"},\"datePublished\":\"2023-09-18T12:49:47+00:00\",\"dateModified\":\"2023-11-28T14:01:02+00:00\",\"description\":\"Magazyn Pakamera.pl to najwi\u0119kszy przewodnik po polskiej modzie niezale\u017cnej.\",\"breadcrumb\":{\"@id\":\"https:\/\/www.pakamera.pl\/magazyn\/polityka-prywatnosci\/#breadcrumb\"},\"inLanguage\":\"pl-PL\",\"potentialAction\":[{\"@type\":\"ReadAction\",\"target\":[\"https:\/\/www.pakamera.pl\/magazyn\/polityka-prywatnosci\/\"]}]},{\"@type\":\"BreadcrumbList\",\"@id\":\"https:\/\/www.pakamera.pl\/magazyn\/polityka-prywatnosci\/#breadcrumb\",\"itemListElement\":[{\"@type\":\"ListItem\",\"position\":1,\"name\":\"Magazyn\",\"item\":\"https:\/\/www.pakamera.pl\/magazyn\/\"},{\"@type\":\"ListItem\",\"position\":2,\"name\":\"Polityka prywatno\u015bci\"}]},{\"@type\":\"WebSite\",\"@id\":\"https:\/\/www.pakamera.pl\/magazyn\/#website\",\"url\":\"https:\/\/www.pakamera.pl\/magazyn\/\",\"name\":\"Magazyn Pakamera.pl\",\"description\":\"Sprawd\u017a najgor\u0119tsze tematy sezonu!\",\"publisher\":{\"@id\":\"https:\/\/www.pakamera.pl\/magazyn\/#organization\"},\"potentialAction\":[{\"@type\":\"SearchAction\",\"target\":{\"@type\":\"EntryPoint\",\"urlTemplate\":\"https:\/\/www.pakamera.pl\/magazyn\/?s={search_term_string}\"},\"query-input\":\"required name=search_term_string\"}],\"inLanguage\":\"pl-PL\"},{\"@type\":\"Organization\",\"@id\":\"https:\/\/www.pakamera.pl\/magazyn\/#organization\",\"name\":\"Pakamera.pl\",\"url\":\"https:\/\/www.pakamera.pl\/magazyn\/\",\"logo\":{\"@type\":\"ImageObject\",\"inLanguage\":\"pl-PL\",\"@id\":\"https:\/\/www.pakamera.pl\/magazyn\/#\/schema\/logo\/image\/\",\"url\":\"https:\/\/imgmag.pakamera.net\/2023\/11\/153455466619.png\",\"contentUrl\":\"https:\/\/imgmag.pakamera.net\/2023\/11\/153455466619.png\",\"width\":690,\"height\":140,\"caption\":\"Pakamera.pl\"},\"image\":{\"@id\":\"https:\/\/www.pakamera.pl\/magazyn\/#\/schema\/logo\/image\/\"},\"sameAs\":[\"https:\/\/facebook.com\/pakamerapl\",\"https:\/\/www.instagram.com\/pakamera\/\"]}]}<\/script>\n<!-- \/ Yoast SEO plugin. -->","yoast_head_json":{"title":"Polityka prywatno\u015bci - Magazyn Pakamera.pl","description":"Magazyn Pakamera.pl to najwi\u0119kszy przewodnik po polskiej modzie niezale\u017cnej.","robots":{"index":"index","follow":"follow"},"canonical":"https:\/\/www.pakamera.pl\/magazyn\/polityka-prywatnosci\/","og_locale":"pl_PL","og_type":"article","og_title":"Polityka prywatno\u015bci - Magazyn Pakamera.pl","og_description":"Magazyn Pakamera.pl to najwi\u0119kszy przewodnik po polskiej modzie niezale\u017cnej.","og_url":"https:\/\/www.pakamera.pl\/magazyn\/polityka-prywatnosci\/","og_site_name":"Magazyn Pakamera.pl","article_publisher":"https:\/\/facebook.com\/pakamerapl","article_modified_time":"2023-11-28T14:01:02+00:00","twitter_card":"summary_large_image","twitter_misc":{"Szacowany czas czytania":"8 minut"},"schema":{"@context":"https:\/\/schema.org","@graph":[{"@type":"WebPage","@id":"https:\/\/www.pakamera.pl\/magazyn\/polityka-prywatnosci\/","url":"https:\/\/www.pakamera.pl\/magazyn\/polityka-prywatnosci\/","name":"Polityka prywatno\u015bci - Magazyn Pakamera.pl","isPartOf":{"@id":"https:\/\/www.pakamera.pl\/magazyn\/#website"},"datePublished":"2023-09-18T12:49:47+00:00","dateModified":"2023-11-28T14:01:02+00:00","description":"Magazyn Pakamera.pl to najwi\u0119kszy przewodnik po polskiej modzie niezale\u017cnej.","breadcrumb":{"@id":"https:\/\/www.pakamera.pl\/magazyn\/polityka-prywatnosci\/#breadcrumb"},"inLanguage":"pl-PL","potentialAction":[{"@type":"ReadAction","target":["https:\/\/www.pakamera.pl\/magazyn\/polityka-prywatnosci\/"]}]},{"@type":"BreadcrumbList","@id":"https:\/\/www.pakamera.pl\/magazyn\/polityka-prywatnosci\/#breadcrumb","itemListElement":[{"@type":"ListItem","position":1,"name":"Magazyn","item":"https:\/\/www.pakamera.pl\/magazyn\/"},{"@type":"ListItem","position":2,"name":"Polityka prywatno\u015bci"}]},{"@type":"WebSite","@id":"https:\/\/www.pakamera.pl\/magazyn\/#website","url":"https:\/\/www.pakamera.pl\/magazyn\/","name":"Magazyn Pakamera.pl","description":"Sprawd\u017a najgor\u0119tsze tematy sezonu!","publisher":{"@id":"https:\/\/www.pakamera.pl\/magazyn\/#organization"},"potentialAction":[{"@type":"SearchAction","target":{"@type":"EntryPoint","urlTemplate":"https:\/\/www.pakamera.pl\/magazyn\/?s={search_term_string}"},"query-input":"required name=search_term_string"}],"inLanguage":"pl-PL"},{"@type":"Organization","@id":"https:\/\/www.pakamera.pl\/magazyn\/#organization","name":"Pakamera.pl","url":"https:\/\/www.pakamera.pl\/magazyn\/","logo":{"@type":"ImageObject","inLanguage":"pl-PL","@id":"https:\/\/www.pakamera.pl\/magazyn\/#\/schema\/logo\/image\/","url":"https:\/\/imgmag.pakamera.net\/2023\/11\/153455466619.png","contentUrl":"https:\/\/imgmag.pakamera.net\/2023\/11\/153455466619.png","width":690,"height":140,"caption":"Pakamera.pl"},"image":{"@id":"https:\/\/www.pakamera.pl\/magazyn\/#\/schema\/logo\/image\/"},"sameAs":["https:\/\/facebook.com\/pakamerapl","https:\/\/www.instagram.com\/pakamera\/"]}]}},"_links":{"self":[{"href":"https:\/\/www.pakamera.pl\/magazyn\/wp-json\/wp\/v2\/pages\/8935","targetHints":{"allow":["GET"]}}],"collection":[{"href":"https:\/\/www.pakamera.pl\/magazyn\/wp-json\/wp\/v2\/pages"}],"about":[{"href":"https:\/\/www.pakamera.pl\/magazyn\/wp-json\/wp\/v2\/types\/page"}],"author":[{"embeddable":true,"href":"https:\/\/www.pakamera.pl\/magazyn\/wp-json\/wp\/v2\/users\/1"}],"replies":[{"embeddable":true,"href":"https:\/\/www.pakamera.pl\/magazyn\/wp-json\/wp\/v2\/comments?post=8935"}],"version-history":[{"count":1,"href":"https:\/\/www.pakamera.pl\/magazyn\/wp-json\/wp\/v2\/pages\/8935\/revisions"}],"predecessor-version":[{"id":9495,"href":"https:\/\/www.pakamera.pl\/magazyn\/wp-json\/wp\/v2\/pages\/8935\/revisions\/9495"}],"wp:attachment":[{"href":"https:\/\/www.pakamera.pl\/magazyn\/wp-json\/wp\/v2\/media?parent=8935"}],"curies":[{"name":"wp","href":"https:\/\/api.w.org\/{rel}","templated":true}]}}